{"id":340,"date":"2019-10-05T15:37:46","date_gmt":"2019-10-05T13:37:46","guid":{"rendered":"https:\/\/plusvik.com\/pl\/?page_id=340"},"modified":"2025-08-08T18:32:57","modified_gmt":"2025-08-08T16:32:57","slug":"polityka-prywatnosci","status":"publish","type":"page","link":"https:\/\/plusvik.com\/pl\/polityka-prywatnosci\/","title":{"rendered":"Polityka prywatno\u015bci"},"content":{"rendered":"\t\t<div data-elementor-type=\"wp-post\" data-elementor-id=\"340\" class=\"elementor elementor-340\">\n\t\t\t\t\t\t<section class=\"elementor-section elementor-top-section elementor-element elementor-element-c717c26 elementor-section-boxed elementor-section-height-default elementor-section-height-default\" data-id=\"c717c26\" data-element_type=\"section\" data-e-type=\"section\">\n\t\t\t\t\t\t<div class=\"elementor-container elementor-column-gap-default\">\n\t\t\t\t\t<div class=\"elementor-column elementor-col-100 elementor-top-column elementor-element elementor-element-e2d62ad\" data-id=\"e2d62ad\" data-element_type=\"column\" data-e-type=\"column\">\n\t\t\t<div class=\"elementor-widget-wrap elementor-element-populated\">\n\t\t\t\t\t\t<div class=\"elementor-element elementor-element-2105260 elementor-widget elementor-widget-heading\" data-id=\"2105260\" data-element_type=\"widget\" data-e-type=\"widget\" data-widget_type=\"heading.default\">\n\t\t\t\t<div class=\"elementor-widget-container\">\n\t\t\t\t\t<h1 class=\"elementor-heading-title elementor-size-default\">Polityka prywatno\u015bci<\/h1>\t\t\t\t<\/div>\n\t\t\t\t<\/div>\n\t\t\t\t<div class=\"elementor-element elementor-element-f5300fe elementor-widget-divider--view-line elementor-widget elementor-widget-divider\" data-id=\"f5300fe\" data-element_type=\"widget\" data-e-type=\"widget\" data-widget_type=\"divider.default\">\n\t\t\t\t<div class=\"elementor-widget-container\">\n\t\t\t\t\t\t\t<div class=\"elementor-divider\">\n\t\t\t<span class=\"elementor-divider-separator\">\n\t\t\t\t\t\t<\/span>\n\t\t<\/div>\n\t\t\t\t\t\t<\/div>\n\t\t\t\t<\/div>\n\t\t\t\t\t<\/div>\n\t\t<\/div>\n\t\t\t\t\t<\/div>\n\t\t<\/section>\n\t\t\t\t<section class=\"elementor-section elementor-top-section elementor-element elementor-element-e05dade elementor-section-boxed elementor-section-height-default elementor-section-height-default\" data-id=\"e05dade\" data-element_type=\"section\" data-e-type=\"section\">\n\t\t\t\t\t\t<div class=\"elementor-container elementor-column-gap-default\">\n\t\t\t\t\t<div class=\"elementor-column elementor-col-100 elementor-top-column elementor-element elementor-element-d674dba\" data-id=\"d674dba\" data-element_type=\"column\" data-e-type=\"column\">\n\t\t\t<div class=\"elementor-widget-wrap elementor-element-populated\">\n\t\t\t\t\t\t<div class=\"elementor-element elementor-element-b6d2683 elementor-widget elementor-widget-heading\" data-id=\"b6d2683\" data-element_type=\"widget\" data-e-type=\"widget\" data-widget_type=\"heading.default\">\n\t\t\t\t<div class=\"elementor-widget-container\">\n\t\t\t\t\t<h2 class=\"elementor-heading-title elementor-size-large\">Polityka prywatno\u015bci i stosowania Cookies<\/h2>\t\t\t\t<\/div>\n\t\t\t\t<\/div>\n\t\t\t\t<div class=\"elementor-element elementor-element-acc23f3 page-privacy-container elementor-widget elementor-widget-html\" data-id=\"acc23f3\" data-element_type=\"widget\" data-e-type=\"widget\" data-widget_type=\"html.default\">\n\t\t\t\t<div class=\"elementor-widget-container\">\n\t\t\t\t\t<ol>\r\n    <li>\r\n        <h3>Postanowienia og\u00f3lne.<\/h3>\r\n        <ul>\r\n            <li>Administratorem danych osobowych zbieranych za pos\u0301rednictwem strony internetowej <a href=\"https:\/\/plusvik.com\/pl\/\">plusvik.com<\/a> jest firma Plusvik Maciej Wojtczak, z siedziba\u0328 w Zielonej G\u00f3rze przy ul. Stokrotkowej 12, 65-012 (adres do dore\u0328czen\u0301: ul. Stokrotkowa 12, 65-012 Zielona G\u00f3ra, Polska), wpisana do rejestru przedsie\u0328biorco\u0301w pod numerem NIP: 9291737157, REGON: 080299873, adres poczty elektronicznej: info@plusvik.com) dalej \u201eAdministrator\u201d, be\u0328da\u0328ca jednoczes\u0301nie Us\u0142ugodawca\u0328.<\/li>\r\n            <li>Wszystkie pytania oraz wnioski dotycza\u0328ce woli skorzystania z przys\u0142uguja\u0328cych Pan\u0301stwu praw, prosimy sk\u0142adac\u0301 na adres poczty elektronicznej: info@plusvik.com<\/li>\r\n            <li>Pan\u0301stwa dane osobowe sa\u0328 przetwarzane zgodnie z Rozporza\u0328dzeniem Parlamentu Europejskiego i Rady (UE) 2016\/679 z dnia 27 kwietnia 2016 r. w sprawie ochrony oso\u0301b fizycznych w zwia\u0328zku z przetwarzaniem danych osobowych i w sprawie swobodnego przep\u0142ywu takich danych oraz uchylenia dyrektywy 95\/46\/WE (RODO \/ GDPR).<\/li>\r\n            <li>Dok\u0142adamy szczego\u0301lnej starannos\u0301ci w celu ochrony intereso\u0301w oso\u0301b, kto\u0301rych dane dotycza\u0328, a w szczego\u0301lnos\u0301ci zapewniamy, z\u0307e zbierane przez nas dane sa\u0328:\r\n                <ul class=\"list-paragraf\">\r\n                    <li>przetwarzane zgodnie z prawem;<\/li>\r\n                    <li>zbierane dla oznaczonych, zgodnych z prawem celo\u0301w i niepoddawane dalszemu przetwarzaniu niezgodnemu z tymi celami;<\/li>\r\n                    <li>merytorycznie poprawne i adekwatne w stosunku do celo\u0301w, w jakich sa\u0328 przetwarzane oraz przechowywane w postaci umoz\u0307liwiaja\u0328cej identyfikacje\u0328 oso\u0301b, kto\u0301rych dotycza\u0328, nie d\u0142uz\u0307ej niz\u0307 jest to niezbe\u0328dne do osia\u0328gnie\u0328cia celu przetwarzania.<\/li>\r\n                <\/ul>\r\n            <\/li>\r\n        <\/ul>\r\n    <\/li>\r\n    <li>\r\n        <h3>Zakres zbierania danych.<\/h3>\r\n        <p>Pan\u0301stwa dane osobowe sa\u0328 gromadzone i przetwarzane jedynie w oparciu o odpowiednie podstawy prawne, a ich zakres zalez\u0307y od rodzaju s\u0301wiadczonej us\u0142ugi. Dane osobowe, kto\u0301re przetwarza Administrator to przede wszystkim: adres e-mail, numer telefonu oraz dane zawarte w tres\u0301ci przes\u0142anej do nas wiadomos\u0301ci, kto\u0301re otrzymujemy od Pan\u0301stwa w skutek Pan\u0301stwa dobrowolnej zgody.<\/p>\r\n    <\/li>\r\n    <li>\r\n        <h3>Cele i podstawy prawne zbierania danych.<\/h3>\r\n        <p>Pan\u0301stwa dane osobowe przetwarzane sa\u0328 w celu:<\/p>\r\n        <ul>\r\n            <li>udzielnie odpowiedzi na zapytania kierowane do nas telefonicznie oraz przesy\u0142ane za pomoca\u0328 formularza kontaktowego doste\u0328pnego na stronie internetowej Plusvik\u2013 przetwarzanie opiera sie\u0328 na art. 6 ust. 1 lit. f) RODO tj. realizacja prawnie uzasadnionego interesu administratora zwia\u0328zanego z budowaniem i rozwijaniem relacji z naszymi klientami oraz da\u0328z\u0307eniem do sprzedaz\u0307y towaro\u0301w i us\u0142ug;<\/li>\r\n            <li>podje\u0328cia na Pan\u0301stwa z\u0307a\u0328danie dzia\u0142an\u0301 przed zawarciem umowy, np. Przes\u0142ania dopasowanej do Pan\u0301stwa potrzeb oferty us\u0142ug Administratora \u2013 przetwarzanie na podstawie art. 6 ust. 1 lit. b) RODO tj. przeprowadzenie dzia\u0142an\u0301 niezbe\u0328dnych do zawarcia umowy lub dzia\u0142an\u0301 podje\u0328tych przed jej zawarciem;<\/li>\r\n            <li>przesy\u0142ania tres\u0301ci marketingowych za pos\u0301rednictwem kana\u0142u komunikacji na kto\u0301ry wyrazili Pan\u0301stwo dobrowolna\u0328 zgode\u0328 tj. poprzez wiadomos\u0301c\u0301 elektroniczna\u0328 na wskazany adres e-mail i\/lub powiadomienia telefoniczne (SMS\/MMS), w celu prezentacji ofert i warunko\u0301w handlowych \u2013 przetwarzanie w oparciu o art. 6 ust. 1 lit. f) RODO tj. realizacja prawnie uzasadnionego interesu administratora zwia\u0328zanego z budowaniem i rozwijaniem relacji z naszymi klientami oraz da\u0328z\u0307eniem do sprzedaz\u0307y towaro\u0301w i us\u0142ug.<\/li>\r\n        <\/ul>\r\n    <\/li>\r\n    <li>\r\n        <h3>Okres przetwarzania<\/h3>\r\n        <ul class=\"list-paragraf\">\r\n            <li>Pan\u0301stwa dane osobowe be\u0328da\u0328 przetwarzanie wy\u0142a\u0328cznie przez okres niezbe\u0328dny do realizacji celu, w kto\u0301rym zosta\u0142y zebrane, tj. przez okres niezbe\u0328dny do udzielenia odpowiedzi na zapytanie otrzymane telefonicznie lub przes\u0142ane za pos\u0301rednictwem formularza kontaktowego lub aplikacji, jednak nie d\u0142uz\u0307ej niz\u0307 6 miesie\u0328cy od momentu ostatniego kontaktu.<\/li>\r\n            <li>W przypadku przetwarzania danych na podstawie zgody, dane be\u0328da\u0328 przetwarzane przez okres potrzebny do realizacji celu, dla kto\u0301rego zosta\u0142y zebrane, nie d\u0142uz\u0307ej niz\u0307 do czasu jej odwo\u0142ania.<\/li>\r\n            <li>W przypadku czytelnego dla nas zamknie\u0328cia rozmo\u0301w z Pan\u0301stwa strony dane zostana\u0328 usunie\u0328te niezw\u0142ocznie z roboczych baz systemowych, a z kopii bezpieczen\u0301stwa przed up\u0142ywem 30 dni.<\/li>\r\n        <\/ul>\r\n    <\/li>\r\n    <li>\r\n        <h3>Prawa os\u00f3b<\/h3>\r\n        <p>W kaz\u0307dej chwili maja\u0328 Pan\u0301stwo moz\u0307liwos\u0301c\u0301 do:<\/p>\r\n        <ul class=\"list-paragraf\">\r\n            <li>wycofania zgody wobec przetwarzania;<\/li>\r\n            <li>z\u0307a\u0328dania doste\u0328pu do swoich danych osobowych;<\/li>\r\n            <li>z\u0307a\u0328dania sprostowania swoich danych osobowych;<\/li>\r\n            <li>z\u0307a\u0328dania usunie\u0328cia lub ograniczenia przetwarzania swoich danych osobowych;<\/li>\r\n            <li>wniesienia sprzeciwu wobec przetwarzania danych.<\/li>\r\n        <\/ul>\r\n        <p>Aby skorzystac\u0301 z przys\u0142uguja\u0328cych Pan\u0301stwu praw zache\u0328camy do bezpos\u0301redniego kontaktu za pos\u0301rednictwem adresu e-mail: info@plusvik.com<\/p>\r\n        <p>W sytuacji che\u0328ci wycofania zgody sugerujemy w tym celu przes\u0142ac\u0301 wiadomos\u0301c\u0301 z tego samego adresu e-mail lub numeru telefonu, na kto\u0301ry otrzymujecie Pan\u0301stwo tres\u0301ci marketingowe. Wy\u0142a\u0328czna\u0328 konsekwencja\u0328 cofnie\u0328cia zgody be\u0328dzie fakt, z\u0307e nie be\u0328dziecie Pan\u0301stwo mogli d\u0142uz\u0307ej otrzymywac\u0301 od nas informacji o naszej ofercie i innych tres\u0301ci marketingowych. Cofnie\u0328cie zgody nie wp\u0142ywa na legalnos\u0301c\u0301 przetwarzania przez nas danych, kto\u0301re dokona\u0142o sie\u0328 przed tym cofnie\u0328ciem<\/p>\r\n        <p>W razie wa\u0328tpliwos\u0301ci w kwestii uszanowania przys\u0142uguja\u0328cych Pan\u0301stwu praw, maja\u0328 Pan\u0301stwo moz\u0307liwos\u0301c\u0301 wniesienia skargi do organu nadzorczego (UODO).<\/p>\r\n        <p>Administrator moz\u0307e przekazywac\u0301 dane osobowe wy\u0142a\u0328cznie zaufanym odbiorcom, takim jak podmioty dostarczaja\u0328ce i obs\u0142uguja\u0328ce systemy lub rozwia\u0328zania informatyczne, podmioty wspieraja\u0328ce w obs\u0142udze strony internetowej, dostawcom us\u0142ug marketingowych oraz kancelariom prawnym s\u0301wiadcza\u0328cym us\u0142ugi na rzecz Plusvik Maciej Wojtczak.<\/p>\r\n    <\/li>\r\n<\/ol>\t\t\t\t<\/div>\n\t\t\t\t<\/div>\n\t\t\t\t<div class=\"elementor-element elementor-element-cc64680 elementor-widget-divider--view-line elementor-widget elementor-widget-divider\" data-id=\"cc64680\" data-element_type=\"widget\" data-e-type=\"widget\" data-widget_type=\"divider.default\">\n\t\t\t\t<div class=\"elementor-widget-container\">\n\t\t\t\t\t\t\t<div class=\"elementor-divider\">\n\t\t\t<span class=\"elementor-divider-separator\">\n\t\t\t\t\t\t<\/span>\n\t\t<\/div>\n\t\t\t\t\t\t<\/div>\n\t\t\t\t<\/div>\n\t\t\t\t<div class=\"elementor-element elementor-element-3942f91 elementor-widget elementor-widget-heading\" data-id=\"3942f91\" data-element_type=\"widget\" data-e-type=\"widget\" data-widget_type=\"heading.default\">\n\t\t\t\t<div class=\"elementor-widget-container\">\n\t\t\t\t\t<h2 class=\"elementor-heading-title elementor-size-large\">Pliki \"Cookies\"<\/h2>\t\t\t\t<\/div>\n\t\t\t\t<\/div>\n\t\t\t\t<div class=\"elementor-element elementor-element-35deadd page-privacy-container elementor-widget elementor-widget-html\" data-id=\"35deadd\" data-element_type=\"widget\" data-e-type=\"widget\" data-widget_type=\"html.default\">\n\t\t\t\t<div class=\"elementor-widget-container\">\n\t\t\t\t\t<p>Strona internetowa Plusvik korzysta z informacji zapisywanych za pomoca\u0328 pliko\u0301w \u201ecookies\u201d, czyli danych informatycznych, przechowywanych w urza\u0328dzeniach kon\u0301cowych uz\u0307ytkowniko\u0301w przeznaczonych do korzystania ze stron internetowych. Pliki te pozwalaja\u0328 rozpoznac\u0301 urza\u0328dzenie uz\u0307ytkownika i odpowiednio wys\u0301wietlac\u0301 strone\u0328 internetowa\u0328 dostosowana\u0328 do indywidualnych preferencji. Zazwyczaj zawieraja\u0328 one nazwe\u0328 strony internetowej, z kto\u0301rej pochodza\u0328, czas przechowywania ich na urza\u0328dzeniu kon\u0301cowym oraz unikalny numer.<\/p>\r\n<ol>\r\n    <li>\r\n        <h3>Informacje szczego\u0301\u0142owe:<\/h3>\r\n        <p>Brak zmiany po Pan\u0301stwa stronie jako Us\u0142ugobiorcy, ustawien\u0301 przegla\u0328darki jest ro\u0301wnoznaczny z wyraz\u0307eniem zgody na ich uz\u0307ycie.<\/p>\r\n        <p>Pliki \u201ecookies\u201d uz\u0307ywane sa\u0328 w celu dostosowania zawartos\u0301ci strony internetowej do preferencji uz\u0307ytkowniko\u0301w, optymalizacji z niej korzystania oraz tworzenia zagregowanych statystyk. Instalacja pliko\u0301w \u201ecookies\u201d jest konieczna do prawid\u0142owego s\u0301wiadczenia us\u0142ug na stronie internetowej. W ramach strony internetowej stosowane sa\u0328 cookies:<\/p>\r\n        <ul class=\"list-paragraf\">\r\n            <li>\u201esta\u0142e\u201d \u2013 pozostaja\u0328 na Pan\u0301stwa urza\u0328dzeniu przez czas okres\u0301lony w parametrach pliko\u0301w \u201ecookies\u201d albo do momentu ich re\u0328cznego usunie\u0328cia;<\/li>\r\n            <li>\u201esesyjne\u201d sa\u0328 plikami tymczasowymi, kto\u0301re przechowywane sa\u0328 w Pan\u0301stwa urza\u0328dzeniu kon\u0301cowym do czasu wylogowania (opuszczenia strony internetowej).<\/li>\r\n        <\/ul>\r\n        <p>Maja\u0328 Pan\u0301stwo prawo zadecydowania w zakresie doste\u0328pu pliko\u0301w \u201ecookies\u201d do swojego komputera poprzez ich uprzedni wybo\u0301r w oknie swojej przegla\u0328darki. Szczego\u0301\u0142owe informacje o moz\u0307liwos\u0301ci i sposobach obs\u0142ugi pliko\u0301w \u201ecookies\u201d doste\u0328pne sa\u0328 w ustawieniach oprogramowania (przegla\u0328darki internetowej).<\/p>\r\n    <\/li>\r\n<\/ol>\r\n\t\t\t\t<\/div>\n\t\t\t\t<\/div>\n\t\t\t\t<div class=\"elementor-element elementor-element-b627ab3 elementor-widget elementor-widget-spacer\" data-id=\"b627ab3\" data-element_type=\"widget\" data-e-type=\"widget\" data-widget_type=\"spacer.default\">\n\t\t\t\t<div class=\"elementor-widget-container\">\n\t\t\t\t\t\t\t<div class=\"elementor-spacer\">\n\t\t\t<div class=\"elementor-spacer-inner\"><\/div>\n\t\t<\/div>\n\t\t\t\t\t\t<\/div>\n\t\t\t\t<\/div>\n\t\t\t\t\t<\/div>\n\t\t<\/div>\n\t\t\t\t\t<\/div>\n\t\t<\/section>\n\t\t\t\t<\/div>\n\t\t","protected":false},"excerpt":{"rendered":"<p>Polityka prywatno\u015bci Polityka prywatno\u015bci i stosowania Cookies Postanowienia og\u00f3lne. Administratorem danych osobowych zbieranych za pos\u0301rednictwem strony internetowej plusvik.com jest firma Plusvik Maciej Wojtczak, z siedziba\u0328 w Zielonej G\u00f3rze przy ul. Stokrotkowej 12, 65-012 (adres do dore\u0328czen\u0301: ul. Stokrotkowa 12, 65-012 Zielona G\u00f3ra, Polska), wpisana do rejestru przedsie\u0328biorco\u0301w pod numerem NIP: [&hellip;]<\/p>\n","protected":false},"author":1,"featured_media":0,"parent":0,"menu_order":0,"comment_status":"closed","ping_status":"closed","template":"page-templates\/template-pagebuilder-full-width.php","meta":{"footnotes":""},"class_list":["post-340","page","type-page","status-publish","hentry"],"_links":{"self":[{"href":"https:\/\/plusvik.com\/pl\/wp-json\/wp\/v2\/pages\/340","targetHints":{"allow":["GET"]}}],"collection":[{"href":"https:\/\/plusvik.com\/pl\/wp-json\/wp\/v2\/pages"}],"about":[{"href":"https:\/\/plusvik.com\/pl\/wp-json\/wp\/v2\/types\/page"}],"author":[{"embeddable":true,"href":"https:\/\/plusvik.com\/pl\/wp-json\/wp\/v2\/users\/1"}],"replies":[{"embeddable":true,"href":"https:\/\/plusvik.com\/pl\/wp-json\/wp\/v2\/comments?post=340"}],"version-history":[{"count":0,"href":"https:\/\/plusvik.com\/pl\/wp-json\/wp\/v2\/pages\/340\/revisions"}],"wp:attachment":[{"href":"https:\/\/plusvik.com\/pl\/wp-json\/wp\/v2\/media?parent=340"}],"curies":[{"name":"wp","href":"https:\/\/api.w.org\/{rel}","templated":true}]}}